{"id":4487,"date":"2026-05-13T08:59:32","date_gmt":"2026-05-13T07:59:32","guid":{"rendered":"https:\/\/szentanna5.hu\/wp\/?page_id=4487"},"modified":"2026-05-13T09:52:46","modified_gmt":"2026-05-13T08:52:46","slug":"opus-dei-nuevo","status":"publish","type":"page","link":"https:\/\/szentanna5.hu\/wp\/?page_id=4487","title":{"rendered":"Opus Dei (nuevo)"},"content":{"rendered":"\t\t<div data-elementor-type=\"wp-page\" data-elementor-id=\"4487\" class=\"elementor elementor-4487\">\n\t\t\t\t<div class=\"elementor-element elementor-element-66421c4 e-flex e-con-boxed e-con e-parent\" data-id=\"66421c4\" data-element_type=\"container\" data-e-type=\"container\" data-settings=\"{&quot;background_background&quot;:&quot;classic&quot;}\">\n\t\t\t\t\t<div class=\"e-con-inner\">\n\t\t\t\t<div class=\"elementor-element elementor-element-0046dab elementor-widget elementor-widget-heading\" data-id=\"0046dab\" data-element_type=\"widget\" data-e-type=\"widget\" data-widget_type=\"heading.default\">\n\t\t\t\t\t<h1 class=\"elementor-heading-title elementor-size-default\">Opus dei<\/h1>\t\t\t\t<\/div>\n\t\t\t\t\t<\/div>\n\t\t\t\t<\/div>\n\t\t<div class=\"elementor-element elementor-element-426a5d6 e-flex e-con-boxed e-con e-parent\" data-id=\"426a5d6\" data-element_type=\"container\" data-e-type=\"container\">\n\t\t\t\t\t<div class=\"e-con-inner\">\n\t\t<div class=\"elementor-element elementor-element-cb5b487 e-con-full e-flex e-con e-child\" data-id=\"cb5b487\" data-element_type=\"container\" data-e-type=\"container\">\n\t\t\t\t<div class=\"elementor-element elementor-element-20513ef elementor-widget elementor-widget-text-editor\" data-id=\"20513ef\" data-element_type=\"widget\" data-e-type=\"widget\" data-widget_type=\"text-editor.default\">\n\t\t\t\t\t\t\t\t\t<p>2006 \u00f3ta a Szent Anna templom lelkip\u00e1sztori ell\u00e1t\u00e1s\u00e1t az Opus Dei papjai v\u00e9gz\u00fck.<\/p>\t\t\t\t\t\t\t\t<\/div>\n\t\t\t\t<div class=\"elementor-element elementor-element-973b3e6 elementor-widget elementor-widget-heading\" data-id=\"973b3e6\" data-element_type=\"widget\" data-e-type=\"widget\" data-widget_type=\"heading.default\">\n\t\t\t\t\t<h2 class=\"elementor-heading-title elementor-size-default\">Az Opus Dei \u00fczenete<\/h2>\t\t\t\t<\/div>\n\t\t\t\t<div class=\"elementor-element elementor-element-cfa65b6 elementor-widget elementor-widget-text-editor\" data-id=\"cfa65b6\" data-element_type=\"widget\" data-e-type=\"widget\" data-widget_type=\"text-editor.default\">\n\t\t\t\t\t\t\t\t\t<p>Minden megkeresztelt ember meg van h\u00edvva arra, hogy Krisztust k\u00f6vesse, vagyis arra, hogy az evang\u00e9lium szerint \u00e9ljen \u00e9s Krisztus tan\u00edt\u00e1s\u00e1t hirdesse.<\/p><p><span style=\"font-size: 25px; letter-spacing: 0px;\">\u00a0<\/span><\/p><p><span style=\"font-size: 25px; letter-spacing: 0px;\">Az Opus Dei feladata az, hogy az Egyh\u00e1z evangeliz\u00e1ci\u00f3s k\u00fcldet\u00e9s\u00e9ben az\u00e1ltal m\u0171k\u00f6dj\u00f6n k\u00f6zre, hogy minden t\u00e1rsadalmi r\u00e9teghez tartoz\u00f3 kereszt\u00e9nyeknek seg\u00edtsen hit\u00fckkel teljes \u00f6sszhangban \u00e9lni \u00e9s dolgozni.<\/span><\/p>\t\t\t\t\t\t\t\t<\/div>\n\t\t\t\t<div class=\"elementor-element elementor-element-b0e1694 elementor-widget elementor-widget-heading\" data-id=\"b0e1694\" data-element_type=\"widget\" data-e-type=\"widget\" data-widget_type=\"heading.default\">\n\t\t\t\t\t<h2 class=\"elementor-heading-title elementor-size-default\">A lelkis\u00e9g\u00fcnk f\u0151 jellemvon\u00e1sai<\/h2>\t\t\t\t<\/div>\n\t\t\t\t<div class=\"elementor-element elementor-element-3218097 elementor-widget elementor-widget-accordion\" data-id=\"3218097\" data-element_type=\"widget\" data-e-type=\"widget\" data-widget_type=\"accordion.default\">\n\t\t\t\t\t\t\t<div class=\"elementor-accordion\">\n\t\t\t\t\t\t\t<div class=\"elementor-accordion-item\">\n\t\t\t\t\t<h3 id=\"elementor-tab-title-5251\" class=\"elementor-tab-title\" data-tab=\"1\" role=\"button\" aria-controls=\"elementor-tab-content-5251\" aria-expanded=\"false\">\n\t\t\t\t\t\t\t\t\t\t\t\t\t<span class=\"elementor-accordion-icon elementor-accordion-icon-left\" aria-hidden=\"true\">\n\t\t\t\t\t\t\t\t\t\t\t\t\t\t\t<span class=\"elementor-accordion-icon-closed\"><svg class=\"e-font-icon-svg e-fas-plus\" viewBox=\"0 0 448 512\" xmlns=\"http:\/\/www.w3.org\/2000\/svg\"><path d=\"M416 208H272V64c0-17.67-14.33-32-32-32h-32c-17.67 0-32 14.33-32 32v144H32c-17.67 0-32 14.33-32 32v32c0 17.67 14.33 32 32 32h144v144c0 17.67 14.33 32 32 32h32c17.67 0 32-14.33 32-32V304h144c17.67 0 32-14.33 32-32v-32c0-17.67-14.33-32-32-32z\"><\/path><\/svg><\/span>\n\t\t\t\t\t\t\t\t<span class=\"elementor-accordion-icon-opened\"><svg class=\"e-font-icon-svg e-fas-minus\" viewBox=\"0 0 448 512\" xmlns=\"http:\/\/www.w3.org\/2000\/svg\"><path d=\"M416 208H32c-17.67 0-32 14.33-32 32v32c0 17.67 14.33 32 32 32h384c17.67 0 32-14.33 32-32v-32c0-17.67-14.33-32-32-32z\"><\/path><\/svg><\/span>\n\t\t\t\t\t\t\t\t\t\t\t\t\t\t<\/span>\n\t\t\t\t\t\t\t\t\t\t\t\t<a class=\"elementor-accordion-title\" tabindex=\"0\">Istengyermeks\u00e9g<\/a>\n\t\t\t\t\t<\/h3>\n\t\t\t\t\t<div id=\"elementor-tab-content-5251\" class=\"elementor-tab-content elementor-clearfix\" data-tab=\"1\" role=\"region\" aria-labelledby=\"elementor-tab-title-5251\"><p>Szent Josemar\u00eda el\u0151szeretettel hangs\u00falyozta, hogy az Opus Dei szellemis\u00e9g\u00e9nek alapja az istengyermeks\u00e9g. A kereszt\u00e9nyek a kereszts\u00e9g \u00e1ltal Isten le\u00e1nyaiv\u00e1 \u00e9s fiaiv\u00e1 v\u00e1lnak. A prelat\u00fara ez\u00e9rt seg\u00edti tagjait abban, hogy ez a tudat \u00e9let\u00fck \u00e9l\u0151 r\u00e9sze legyen. Az istengyermeks\u00e9g gy\u00fcm\u00f6lcsei: bizalom Isten gondvisel\u00e9s\u00e9ben, egyszer\u0171s\u00e9g az Istennel val\u00f3 kapcsolatban, az emberi m\u00e9lt\u00f3s\u00e1g \u0151szinte tiszteletben tart\u00e1sa, az emberek k\u00f6z\u00f6tti testv\u00e9ris\u00e9g, val\u00f3di szeretet a vil\u00e1g \u00e9s a teremtett dolgok ir\u00e1nt, valamint kiegyens\u00falyozott \u00e9s pozit\u00edv hozz\u00e1\u00e1ll\u00e1s az \u00e9lethez.<\/p><\/div>\n\t\t\t\t<\/div>\n\t\t\t\t\t\t\t<div class=\"elementor-accordion-item\">\n\t\t\t\t\t<h3 id=\"elementor-tab-title-5252\" class=\"elementor-tab-title\" data-tab=\"2\" role=\"button\" aria-controls=\"elementor-tab-content-5252\" aria-expanded=\"false\">\n\t\t\t\t\t\t\t\t\t\t\t\t\t<span class=\"elementor-accordion-icon elementor-accordion-icon-left\" aria-hidden=\"true\">\n\t\t\t\t\t\t\t\t\t\t\t\t\t\t\t<span class=\"elementor-accordion-icon-closed\"><svg class=\"e-font-icon-svg e-fas-plus\" viewBox=\"0 0 448 512\" xmlns=\"http:\/\/www.w3.org\/2000\/svg\"><path d=\"M416 208H272V64c0-17.67-14.33-32-32-32h-32c-17.67 0-32 14.33-32 32v144H32c-17.67 0-32 14.33-32 32v32c0 17.67 14.33 32 32 32h144v144c0 17.67 14.33 32 32 32h32c17.67 0 32-14.33 32-32V304h144c17.67 0 32-14.33 32-32v-32c0-17.67-14.33-32-32-32z\"><\/path><\/svg><\/span>\n\t\t\t\t\t\t\t\t<span class=\"elementor-accordion-icon-opened\"><svg class=\"e-font-icon-svg e-fas-minus\" viewBox=\"0 0 448 512\" xmlns=\"http:\/\/www.w3.org\/2000\/svg\"><path d=\"M416 208H32c-17.67 0-32 14.33-32 32v32c0 17.67 14.33 32 32 32h384c17.67 0 32-14.33 32-32v-32c0-17.67-14.33-32-32-32z\"><\/path><\/svg><\/span>\n\t\t\t\t\t\t\t\t\t\t\t\t\t\t<\/span>\n\t\t\t\t\t\t\t\t\t\t\t\t<a class=\"elementor-accordion-title\" tabindex=\"0\">A mindennapi \u00e9let kereszt\u00e9ny \u00e9rtelme<\/a>\n\t\t\t\t\t<\/h3>\n\t\t\t\t\t<div id=\"elementor-tab-content-5252\" class=\"elementor-tab-content elementor-clearfix\" data-tab=\"2\" role=\"region\" aria-labelledby=\"elementor-tab-title-5252\"><p>Igyekezn\u00fcnk kell a teljesen anyagi dolgokon, Isten \u00e9s minden ember szolg\u00e1lat\u00e1n kereszt\u00fcl szentt\u00e9 v\u00e1lni \u2013 fogalmazott az Opus Dei alap\u00edt\u00f3ja. A csal\u00e1d, a h\u00e1zass\u00e1g, a munka \u00e9s a mindennapi elfoglalts\u00e1gok \u00e1lland\u00f3 alkalmat k\u00edn\u00e1lnak arra, hogy Krisztussal tal\u00e1lkozzunk, \u0151t ut\u00e1nozzuk az emberi \u00e9s kereszt\u00e9ny \u00e9rt\u00e9kek \u2013 a szeretet, a t\u00fcrelem, az al\u00e1zatoss\u00e1g, a szorgalom, az igazs\u00e1goss\u00e1g, az \u00f6r\u00f6m stb. \u2013 gyakorl\u00e1sa r\u00e9v\u00e9n.<\/p><\/div>\n\t\t\t\t<\/div>\n\t\t\t\t\t\t\t<div class=\"elementor-accordion-item\">\n\t\t\t\t\t<h3 id=\"elementor-tab-title-5253\" class=\"elementor-tab-title\" data-tab=\"3\" role=\"button\" aria-controls=\"elementor-tab-content-5253\" aria-expanded=\"false\">\n\t\t\t\t\t\t\t\t\t\t\t\t\t<span class=\"elementor-accordion-icon elementor-accordion-icon-left\" aria-hidden=\"true\">\n\t\t\t\t\t\t\t\t\t\t\t\t\t\t\t<span class=\"elementor-accordion-icon-closed\"><svg class=\"e-font-icon-svg e-fas-plus\" viewBox=\"0 0 448 512\" xmlns=\"http:\/\/www.w3.org\/2000\/svg\"><path d=\"M416 208H272V64c0-17.67-14.33-32-32-32h-32c-17.67 0-32 14.33-32 32v144H32c-17.67 0-32 14.33-32 32v32c0 17.67 14.33 32 32 32h144v144c0 17.67 14.33 32 32 32h32c17.67 0 32-14.33 32-32V304h144c17.67 0 32-14.33 32-32v-32c0-17.67-14.33-32-32-32z\"><\/path><\/svg><\/span>\n\t\t\t\t\t\t\t\t<span class=\"elementor-accordion-icon-opened\"><svg class=\"e-font-icon-svg e-fas-minus\" viewBox=\"0 0 448 512\" xmlns=\"http:\/\/www.w3.org\/2000\/svg\"><path d=\"M416 208H32c-17.67 0-32 14.33-32 32v32c0 17.67 14.33 32 32 32h384c17.67 0 32-14.33 32-32v-32c0-17.67-14.33-32-32-32z\"><\/path><\/svg><\/span>\n\t\t\t\t\t\t\t\t\t\t\t\t\t\t<\/span>\n\t\t\t\t\t\t\t\t\t\t\t\t<a class=\"elementor-accordion-title\" tabindex=\"0\">A munka megszentel\u00e9se<\/a>\n\t\t\t\t\t<\/h3>\n\t\t\t\t\t<div id=\"elementor-tab-content-5253\" class=\"elementor-tab-content elementor-clearfix\" data-tab=\"3\" role=\"region\" aria-labelledby=\"elementor-tab-title-5253\"><p>Az \u00e9letszents\u00e9gre val\u00f3 t\u00f6rekv\u00e9s a munk\u00e1ban egyr\u00e9szt azt jelenti, hogy munk\u00e1nkat a lehet\u0151 legjobban \u00e9s kell\u0151 szakmai felk\u00e9sz\u00fclts\u00e9ggel v\u00e9gezz\u00fck el, m\u00e1sr\u00e9szt azt, hogy mindezt kereszt\u00e9ny hozz\u00e1\u00e1ll\u00e1ssal tessz\u00fck, Isten ir\u00e1nti szeretetb\u0151l \u00e9s embert\u00e1rsainknak szolg\u00e1lva. Ily m\u00f3don a munka alkalom a Krisztussal val\u00f3 tal\u00e1lkoz\u00e1sra.<\/p><\/div>\n\t\t\t\t<\/div>\n\t\t\t\t\t\t\t<div class=\"elementor-accordion-item\">\n\t\t\t\t\t<h3 id=\"elementor-tab-title-5254\" class=\"elementor-tab-title\" data-tab=\"4\" role=\"button\" aria-controls=\"elementor-tab-content-5254\" aria-expanded=\"false\">\n\t\t\t\t\t\t\t\t\t\t\t\t\t<span class=\"elementor-accordion-icon elementor-accordion-icon-left\" aria-hidden=\"true\">\n\t\t\t\t\t\t\t\t\t\t\t\t\t\t\t<span class=\"elementor-accordion-icon-closed\"><svg class=\"e-font-icon-svg e-fas-plus\" viewBox=\"0 0 448 512\" xmlns=\"http:\/\/www.w3.org\/2000\/svg\"><path d=\"M416 208H272V64c0-17.67-14.33-32-32-32h-32c-17.67 0-32 14.33-32 32v144H32c-17.67 0-32 14.33-32 32v32c0 17.67 14.33 32 32 32h144v144c0 17.67 14.33 32 32 32h32c17.67 0 32-14.33 32-32V304h144c17.67 0 32-14.33 32-32v-32c0-17.67-14.33-32-32-32z\"><\/path><\/svg><\/span>\n\t\t\t\t\t\t\t\t<span class=\"elementor-accordion-icon-opened\"><svg class=\"e-font-icon-svg e-fas-minus\" viewBox=\"0 0 448 512\" xmlns=\"http:\/\/www.w3.org\/2000\/svg\"><path d=\"M416 208H32c-17.67 0-32 14.33-32 32v32c0 17.67 14.33 32 32 32h384c17.67 0 32-14.33 32-32v-32c0-17.67-14.33-32-32-32z\"><\/path><\/svg><\/span>\n\t\t\t\t\t\t\t\t\t\t\t\t\t\t<\/span>\n\t\t\t\t\t\t\t\t\t\t\t\t<a class=\"elementor-accordion-title\" tabindex=\"0\">Im\u00e1ds\u00e1g \u00e9s \u00e1ldozat<\/a>\n\t\t\t\t\t<\/h3>\n\t\t\t\t\t<div id=\"elementor-tab-content-5254\" class=\"elementor-tab-content elementor-clearfix\" data-tab=\"4\" role=\"region\" aria-labelledby=\"elementor-tab-title-5254\"><p>Az Opus Dei \u00e1ltal ny\u00fajtott k\u00e9pz\u00e9s arra eml\u00e9keztet, hogy az im\u00e1ds\u00e1g \u00e9s az \u00e1ldozat sz\u00fcks\u00e9gszer\u0171en hozz\u00e1tartozik a kereszt\u00e9ny \u00e9lethez. Az Opus Dei tagjai mindennap r\u00e9szt vesznek szentmis\u00e9n, \u00e9s n\u00e9h\u00e1ny percet az evang\u00e9lium olvas\u00e1s\u00e1ra ford\u00edtanak. Gyakran j\u00e1rulnak a b\u0171nbocs\u00e1nat szents\u00e9g\u00e9hez. \u00c9let\u00fckben fontos helyet foglal el Sz\u0171z M\u00e1ria tisztelete. Krisztus k\u00f6vet\u00e9se \u00e9rtelm\u00e9ben igyekeznek kisebb \u00e1ldozatokat felaj\u00e1nlani Istennek, f\u0151leg olyanokat, amelyek feladataik megb\u00edzhat\u00f3 teljes\u00edt\u00e9s\u00e9t seg\u00edtik el\u0151 \u00e9s felebar\u00e1taik \u00e9let\u00e9t kellemesebb\u00e9 teszik. Ezenk\u00edv\u00fcl b\u00f6jt\u00f6lnek, \u00e9s alamizsn\u00e1t adnak a r\u00e1szorul\u00f3knak.<\/p><\/div>\n\t\t\t\t<\/div>\n\t\t\t\t\t\t\t<div class=\"elementor-accordion-item\">\n\t\t\t\t\t<h3 id=\"elementor-tab-title-5255\" class=\"elementor-tab-title\" data-tab=\"5\" role=\"button\" aria-controls=\"elementor-tab-content-5255\" aria-expanded=\"false\">\n\t\t\t\t\t\t\t\t\t\t\t\t\t<span class=\"elementor-accordion-icon elementor-accordion-icon-left\" aria-hidden=\"true\">\n\t\t\t\t\t\t\t\t\t\t\t\t\t\t\t<span class=\"elementor-accordion-icon-closed\"><svg class=\"e-font-icon-svg e-fas-plus\" viewBox=\"0 0 448 512\" xmlns=\"http:\/\/www.w3.org\/2000\/svg\"><path d=\"M416 208H272V64c0-17.67-14.33-32-32-32h-32c-17.67 0-32 14.33-32 32v144H32c-17.67 0-32 14.33-32 32v32c0 17.67 14.33 32 32 32h144v144c0 17.67 14.33 32 32 32h32c17.67 0 32-14.33 32-32V304h144c17.67 0 32-14.33 32-32v-32c0-17.67-14.33-32-32-32z\"><\/path><\/svg><\/span>\n\t\t\t\t\t\t\t\t<span class=\"elementor-accordion-icon-opened\"><svg class=\"e-font-icon-svg e-fas-minus\" viewBox=\"0 0 448 512\" xmlns=\"http:\/\/www.w3.org\/2000\/svg\"><path d=\"M416 208H32c-17.67 0-32 14.33-32 32v32c0 17.67 14.33 32 32 32h384c17.67 0 32-14.33 32-32v-32c0-17.67-14.33-32-32-32z\"><\/path><\/svg><\/span>\n\t\t\t\t\t\t\t\t\t\t\t\t\t\t<\/span>\n\t\t\t\t\t\t\t\t\t\t\t\t<a class=\"elementor-accordion-title\" tabindex=\"0\">Az \u00e9letvitel egys\u00e9ge<\/a>\n\t\t\t\t\t<\/h3>\n\t\t\t\t\t<div id=\"elementor-tab-content-5255\" class=\"elementor-tab-content elementor-clearfix\" data-tab=\"5\" role=\"region\" aria-labelledby=\"elementor-tab-title-5255\"><p>Az Opus Dei alap\u00edt\u00f3ja att\u00f3l szerette volna \u00f3vni a kereszt\u00e9nyeket, hogy egyfajta kett\u0151s \u00e9letet \u00e9ljenek: elv\u00e1lasztva egym\u00e1st\u00f3l a bens\u0151, Istenhez kapcsol\u00f3d\u00f3 \u00e9letet a csal\u00e1di \u00e9lett\u0151l, a munk\u00e1t\u00f3l, valamint a t\u00e1rsadalmi \u00e9lett\u0151l. Szent Josemar\u00eda \u00e9ppen hogy azt hangs\u00falyozta, hogy csak egyetlen \u00e9let\u00fcnk van, amely testb\u0151l \u00e9s l\u00e9lekb\u0151l \u00e1ll, amelyet testben \u00e9s l\u00e9lekben szentt\u00e9 kell tenni, \u00e9s amelyet Istennek kell bet\u00f6ltenie.<\/p><\/div>\n\t\t\t\t<\/div>\n\t\t\t\t\t\t\t<div class=\"elementor-accordion-item\">\n\t\t\t\t\t<h3 id=\"elementor-tab-title-5256\" class=\"elementor-tab-title\" data-tab=\"6\" role=\"button\" aria-controls=\"elementor-tab-content-5256\" aria-expanded=\"false\">\n\t\t\t\t\t\t\t\t\t\t\t\t\t<span class=\"elementor-accordion-icon elementor-accordion-icon-left\" aria-hidden=\"true\">\n\t\t\t\t\t\t\t\t\t\t\t\t\t\t\t<span class=\"elementor-accordion-icon-closed\"><svg class=\"e-font-icon-svg e-fas-plus\" viewBox=\"0 0 448 512\" xmlns=\"http:\/\/www.w3.org\/2000\/svg\"><path d=\"M416 208H272V64c0-17.67-14.33-32-32-32h-32c-17.67 0-32 14.33-32 32v144H32c-17.67 0-32 14.33-32 32v32c0 17.67 14.33 32 32 32h144v144c0 17.67 14.33 32 32 32h32c17.67 0 32-14.33 32-32V304h144c17.67 0 32-14.33 32-32v-32c0-17.67-14.33-32-32-32z\"><\/path><\/svg><\/span>\n\t\t\t\t\t\t\t\t<span class=\"elementor-accordion-icon-opened\"><svg class=\"e-font-icon-svg e-fas-minus\" viewBox=\"0 0 448 512\" xmlns=\"http:\/\/www.w3.org\/2000\/svg\"><path d=\"M416 208H32c-17.67 0-32 14.33-32 32v32c0 17.67 14.33 32 32 32h384c17.67 0 32-14.33 32-32v-32c0-17.67-14.33-32-32-32z\"><\/path><\/svg><\/span>\n\t\t\t\t\t\t\t\t\t\t\t\t\t\t<\/span>\n\t\t\t\t\t\t\t\t\t\t\t\t<a class=\"elementor-accordion-title\" tabindex=\"0\">Szabads\u00e1g<\/a>\n\t\t\t\t\t<\/h3>\n\t\t\t\t\t<div id=\"elementor-tab-content-5256\" class=\"elementor-tab-content elementor-clearfix\" data-tab=\"6\" role=\"region\" aria-labelledby=\"elementor-tab-title-5256\"><p>Az Opus Dei h\u00edvei ugyanolyan jogokkal \u00e9s k\u00f6telezetts\u00e9gekkel rendelkeznek, mint minden m\u00e1s \u00e1llampolg\u00e1r. A politika, a gazdas\u00e1g, a kult\u00fara ter\u00e9n szem\u00e9lyes szabads\u00e1ggal \u00e9s felel\u0151ss\u00e9ggel cselekszenek, an\u00e9lk\u00fcl, hogy az Egyh\u00e1z tekint\u00e9ly\u00e9t vagy az Opus Deit b\u00e1rmilyen m\u00f3don felhaszn\u00e1ln\u00e1k c\u00e9ljaik el\u00e9r\u00e9s\u00e9re vagy saj\u00e1t n\u00e9zeteiket \u00fagy \u00e1ll\u00edtan\u00e1k be, mintha az lenne az adott probl\u00e9m\u00e1ra az egyetlen \u2013 a hittel \u00f6sszhangban l\u00e9v\u0151 \u2013 megold\u00e1s. Ez term\u00e9szetesen maga ut\u00e1n vonja azt is, hogy tiszteletben tartj\u00e1k m\u00e1sok szabads\u00e1g\u00e1t \u00e9s v\u00e9lem\u00e9ny\u00e9t.<\/p><\/div>\n\t\t\t\t<\/div>\n\t\t\t\t\t\t\t<div class=\"elementor-accordion-item\">\n\t\t\t\t\t<h3 id=\"elementor-tab-title-5257\" class=\"elementor-tab-title\" data-tab=\"7\" role=\"button\" aria-controls=\"elementor-tab-content-5257\" aria-expanded=\"false\">\n\t\t\t\t\t\t\t\t\t\t\t\t\t<span class=\"elementor-accordion-icon elementor-accordion-icon-left\" aria-hidden=\"true\">\n\t\t\t\t\t\t\t\t\t\t\t\t\t\t\t<span class=\"elementor-accordion-icon-closed\"><svg class=\"e-font-icon-svg e-fas-plus\" viewBox=\"0 0 448 512\" xmlns=\"http:\/\/www.w3.org\/2000\/svg\"><path d=\"M416 208H272V64c0-17.67-14.33-32-32-32h-32c-17.67 0-32 14.33-32 32v144H32c-17.67 0-32 14.33-32 32v32c0 17.67 14.33 32 32 32h144v144c0 17.67 14.33 32 32 32h32c17.67 0 32-14.33 32-32V304h144c17.67 0 32-14.33 32-32v-32c0-17.67-14.33-32-32-32z\"><\/path><\/svg><\/span>\n\t\t\t\t\t\t\t\t<span class=\"elementor-accordion-icon-opened\"><svg class=\"e-font-icon-svg e-fas-minus\" viewBox=\"0 0 448 512\" xmlns=\"http:\/\/www.w3.org\/2000\/svg\"><path d=\"M416 208H32c-17.67 0-32 14.33-32 32v32c0 17.67 14.33 32 32 32h384c17.67 0 32-14.33 32-32v-32c0-17.67-14.33-32-32-32z\"><\/path><\/svg><\/span>\n\t\t\t\t\t\t\t\t\t\t\t\t\t\t<\/span>\n\t\t\t\t\t\t\t\t\t\t\t\t<a class=\"elementor-accordion-title\" tabindex=\"0\">Szeretet<\/a>\n\t\t\t\t\t<\/h3>\n\t\t\t\t\t<div id=\"elementor-tab-content-5257\" class=\"elementor-tab-content elementor-clearfix\" data-tab=\"7\" role=\"region\" aria-labelledby=\"elementor-tab-title-5257\"><p>Aki Krisztussal tal\u00e1lkozik, olyan kincset tal\u00e1l, amelyet nem tarthat meg csup\u00e1n saj\u00e1t mag\u00e1nak. A kereszt\u00e9nyek Krisztus tan\u00fai, \u00e9s a rem\u00e9ny \u00fczenet\u00e9t adj\u00e1k tov\u00e1bb p\u00e9ld\u00e1jukkal \u00e9s szavaikkal rokonaiknak, bar\u00e1taiknak \u00e9s koll\u00e9g\u00e1iknak. Szent Josemar\u00eda a k\u00f6vetkez\u0151k\u00e9pp fogalmazott: \u201eKoll\u00e9g\u00e1inkkal, bar\u00e1tainkkal \u00e9s rokonainkkal k\u00f6z\u00f6s\u00f6n f\u00e1radozva seg\u00edthet\u00fcnk nekik, hogy k\u00f6zelebb ker\u00fcljenek Krisztushoz\u201d. Az a v\u00e1gy, hogy m\u00e1sokkal is megismertess\u00fck Krisztust, egyenes k\u00f6vetkezm\u00e9nye a szeretetnek \u2013 vagyis annak, hogy Istent mindenek el\u0151tt szeretj\u00fck, felebar\u00e1tainkat pedig \u00fagy, mint \u00f6nmagunkat. Ez a v\u00e1gy elv\u00e1laszthatatlanul \u00f6sszekapcsol\u00f3dik azzal az igyekezettel, hogy megpr\u00f3b\u00e1ljunk megold\u00e1st tal\u00e1lni k\u00f6rnyezet\u00fcnk anyagi \u00e9s t\u00e1rsadalmi probl\u00e9m\u00e1ira.<\/p><\/div>\n\t\t\t\t<\/div>\n\t\t\t\t\t\t\t\t<\/div>\n\t\t\t\t\t\t<\/div>\n\t\t<div class=\"elementor-element elementor-element-1eb5384 e-grid e-con-full e-con e-child\" data-id=\"1eb5384\" data-element_type=\"container\" data-e-type=\"container\">\n\t\t<div class=\"elementor-element elementor-element-156f3d1 e-con-full e-flex e-con e-child\" data-id=\"156f3d1\" data-element_type=\"container\" data-e-type=\"container\" data-settings=\"{&quot;background_background&quot;:&quot;classic&quot;}\">\n\t\t\t\t\t<img fetchpriority=\"high\" decoding=\"async\" class=\"e-image-base e-e06d8bd-91c4e8e\" data-interaction-id=\"e06d8bd\" id=\"4518\" src=\"https:\/\/szentanna5.hu\/wp\/wp-content\/uploads\/2026\/05\/image-285x214.jpg\" width=\"285\" height=\"214\" srcset=\"https:\/\/szentanna5.hu\/wp\/wp-content\/uploads\/2026\/05\/image-285x214.jpg 285w, https:\/\/szentanna5.hu\/wp\/wp-content\/uploads\/2026\/05\/image-380x285.jpg 380w\" alt=\"\"\/>\t\t\t\t<div class=\"elementor-element elementor-element-e98a634 elementor-widget elementor-widget-heading\" data-id=\"e98a634\" data-element_type=\"widget\" data-e-type=\"widget\" data-widget_type=\"heading.default\">\n\t\t\t\t\t<h3 class=\"elementor-heading-title elementor-size-default\">Szent Josemar\u00eda<\/h3>\t\t\t\t<\/div>\n\t\t\t\t<div class=\"elementor-element elementor-element-5b7522a elementor-widget elementor-widget-text-editor\" data-id=\"5b7522a\" data-element_type=\"widget\" data-e-type=\"widget\" data-widget_type=\"text-editor.default\">\n\t\t\t\t\t\t\t\t\t<p>Szent Josemar\u00eda Escriv\u00e1 de Balaguer 1902-ben sz\u00fcletett a spanyolorsz\u00e1gi Barbastr\u00f3ban. Fiatalon felismerte papi hivat\u00e1s\u00e1t, \u00e9s 1925-ben papp\u00e1 szentelt\u00e9k. 1928. okt\u00f3ber 2-\u00e1n alap\u00edtotta meg az Opus Deit, amelynek \u00fczenete szerint minden kereszt\u00e9ny megh\u00edv\u00e1st kap az \u00e9letszents\u00e9gre a mindennapi \u00e9letben, k\u00fcl\u00f6n\u00f6sen a munka, a csal\u00e1di \u00e9let \u00e9s a h\u00e9tk\u00f6znapi k\u00f6teless\u00e9gek megszentel\u00e9se \u00e1ltal.<\/p><p>\u00a0<\/p><p>\u00c9let\u00e9t az Egyh\u00e1z, a p\u00e1pa \u00e9s a lelkek szolg\u00e1lat\u00e1nak szentelte. R\u00f3m\u00e1b\u00f3l ir\u00e1ny\u00edtotta az Opus Dei nemzetk\u00f6zi elterjed\u00e9s\u00e9t, amely hal\u00e1lakor m\u00e1r sz\u00e1mos orsz\u00e1gban jelen volt. 1975. j\u00fanius 26-\u00e1n hunyt el R\u00f3m\u00e1ban. II. J\u00e1nos P\u00e1l p\u00e1pa 1992-ben boldogg\u00e1, 2002-ben pedig szentt\u00e9 avatta; ekkor nevezte \u0151t \u201ea h\u00e9tk\u00f6znapok szentj\u00e9nek\u201d.<\/p>\t\t\t\t\t\t\t\t<\/div>\n\t\t\t\t<\/div>\n\t\t\t\t<\/div>\n\t\t\t\t<\/div>\n\t\t\t\t<div class=\"elementor-element elementor-element-d7e2de2 elementor-align-left elementor-mobile-align-center elementor-widget elementor-widget-button\" data-id=\"d7e2de2\" data-element_type=\"widget\" data-e-type=\"widget\" data-widget_type=\"button.default\">\n\t\t\t\t\t\t\t\t\t\t<a class=\"elementor-button elementor-button-link elementor-size-sm elementor-animation-float\" href=\"https:\/\/opusdei.org\/hu-hu\/\">\n\t\t\t\t\t\t<span class=\"elementor-button-content-wrapper\">\n\t\t\t\t\t\t\t\t\t<span class=\"elementor-button-text\">Tudjon meg t\u00f6bbet<\/span>\n\t\t\t\t\t<\/span>\n\t\t\t\t\t<\/a>\n\t\t\t\t\t\t\t\t<\/div>\n\t\t<div class=\"elementor-element elementor-element-514b6dd e-con-full e-flex e-con e-child\" data-id=\"514b6dd\" data-element_type=\"container\" data-e-type=\"container\">\n\t\t\t\t<div class=\"elementor-element elementor-element-ffc3c42 elementor-align-center elementor-widget elementor-widget-button\" data-id=\"ffc3c42\" data-element_type=\"widget\" data-e-type=\"widget\" data-widget_type=\"button.default\">\n\t\t\t\t\t\t\t\t\t\t<a class=\"elementor-button elementor-button-link elementor-size-sm\" href=\"https:\/\/szentanna5.hu\/wp\/\">\n\t\t\t\t\t\t<span class=\"elementor-button-content-wrapper\">\n\t\t\t\t\t\t\t\t\t<span class=\"elementor-button-text\">Kezd\u0151lap<\/span>\n\t\t\t\t\t<\/span>\n\t\t\t\t\t<\/a>\n\t\t\t\t\t\t\t\t<\/div>\n\t\t\t\t<\/div>\n\t\t\t\t\t<\/div>\n\t\t\t\t<\/div>\n\t\t\t\t<\/div>\n\t\t","protected":false},"excerpt":{"rendered":"<p>Opus dei 2006 \u00f3ta a Szent Anna templom lelkip\u00e1sztori ell\u00e1t\u00e1s\u00e1t az Opus Dei papjai v\u00e9gz\u00fck. Az Opus Dei \u00fczenete Minden megkeresztelt ember meg van h\u00edvva arra, hogy Krisztust k\u00f6vesse, vagyis arra, hogy az evang\u00e9lium szerint \u00e9ljen \u00e9s Krisztus tan\u00edt\u00e1s\u00e1t hirdesse. \u00a0 Az Opus Dei feladata az, hogy az Egyh\u00e1z evangeliz\u00e1ci\u00f3s k\u00fcldet\u00e9s\u00e9ben az\u00e1ltal m\u0171k\u00f6dj\u00f6n k\u00f6zre, hogy&hellip;<\/p>\n<p class=\"more-link\"><a href=\"https:\/\/szentanna5.hu\/wp\/?page_id=4487\" class=\"themebutton\">Read More<\/a><\/p>\n","protected":false},"author":1,"featured_media":0,"parent":0,"menu_order":0,"comment_status":"closed","ping_status":"closed","template":"elementor_canvas","meta":{"footnotes":""},"class_list":["post-4487","page","type-page","status-publish","hentry"],"_links":{"self":[{"href":"https:\/\/szentanna5.hu\/wp\/index.php?rest_route=\/wp\/v2\/pages\/4487","targetHints":{"allow":["GET"]}}],"collection":[{"href":"https:\/\/szentanna5.hu\/wp\/index.php?rest_route=\/wp\/v2\/pages"}],"about":[{"href":"https:\/\/szentanna5.hu\/wp\/index.php?rest_route=\/wp\/v2\/types\/page"}],"author":[{"embeddable":true,"href":"https:\/\/szentanna5.hu\/wp\/index.php?rest_route=\/wp\/v2\/users\/1"}],"replies":[{"embeddable":true,"href":"https:\/\/szentanna5.hu\/wp\/index.php?rest_route=%2Fwp%2Fv2%2Fcomments&post=4487"}],"version-history":[{"count":17,"href":"https:\/\/szentanna5.hu\/wp\/index.php?rest_route=\/wp\/v2\/pages\/4487\/revisions"}],"predecessor-version":[{"id":4536,"href":"https:\/\/szentanna5.hu\/wp\/index.php?rest_route=\/wp\/v2\/pages\/4487\/revisions\/4536"}],"wp:attachment":[{"href":"https:\/\/szentanna5.hu\/wp\/index.php?rest_route=%2Fwp%2Fv2%2Fmedia&parent=4487"}],"curies":[{"name":"wp","href":"https:\/\/api.w.org\/{rel}","templated":true}]}}