{"id":4190,"date":"2026-05-08T14:55:45","date_gmt":"2026-05-08T13:55:45","guid":{"rendered":"https:\/\/szentanna5.hu\/wp\/?page_id=4190"},"modified":"2026-05-08T16:18:56","modified_gmt":"2026-05-08T15:18:56","slug":"szentsegek-nueva","status":"publish","type":"page","link":"https:\/\/szentanna5.hu\/wp\/?page_id=4190","title":{"rendered":"Szents\u00e9gek (nueva)"},"content":{"rendered":"\t\t<div data-elementor-type=\"wp-page\" data-elementor-id=\"4190\" class=\"elementor elementor-4190\">\n\t\t\t\t<div class=\"elementor-element elementor-element-3205c7b1 e-flex e-con-boxed e-con e-parent\" data-id=\"3205c7b1\" data-element_type=\"container\" data-e-type=\"container\" data-settings=\"{&quot;background_background&quot;:&quot;classic&quot;}\">\n\t\t\t\t\t<div class=\"e-con-inner\">\n\t\t<div class=\"elementor-element elementor-element-1efc95bd e-flex e-con-boxed e-con e-child\" data-id=\"1efc95bd\" data-element_type=\"container\" data-e-type=\"container\">\n\t\t\t\t\t<div class=\"e-con-inner\">\n\t\t\t\t<div class=\"elementor-element elementor-element-2ebd81a0 elementor-widget elementor-widget-heading\" data-id=\"2ebd81a0\" data-element_type=\"widget\" data-e-type=\"widget\" data-widget_type=\"heading.default\">\n\t\t\t\t\t<h1 class=\"elementor-heading-title elementor-size-default\">Szents\u00e9gek<\/h1>\t\t\t\t<\/div>\n\t\t\t\t<div class=\"elementor-element elementor-element-76b97165 elementor-widget elementor-widget-text-editor\" data-id=\"76b97165\" data-element_type=\"widget\" data-e-type=\"widget\" data-widget_type=\"text-editor.default\">\n\t\t\t\t\t\t\t\t\t<p>H\u00c9T SZENTS\u00c9G A KERESZT\u00c9NY \u00c9LET FONTOS PILLANATAIRA<\/p>\t\t\t\t\t\t\t\t<\/div>\n\t\t\t\t\t<\/div>\n\t\t\t\t<\/div>\n\t\t\t\t\t<\/div>\n\t\t\t\t<\/div>\n\t\t<div class=\"elementor-element elementor-element-7a6189f8 e-flex e-con-boxed e-con e-parent\" data-id=\"7a6189f8\" data-element_type=\"container\" data-e-type=\"container\" data-settings=\"{&quot;background_background&quot;:&quot;classic&quot;}\">\n\t\t\t\t\t<div class=\"e-con-inner\">\n\t\t\t\t<div class=\"elementor-element elementor-element-674c3ce9 elementor-widget elementor-widget-heading\" data-id=\"674c3ce9\" data-element_type=\"widget\" data-e-type=\"widget\" data-widget_type=\"heading.default\">\n\t\t\t\t\t<h2 class=\"elementor-heading-title elementor-size-default\">Szents\u00e9gek<\/h2>\t\t\t\t<\/div>\n\t\t\t\t<div class=\"elementor-element elementor-element-687c545c elementor-widget elementor-widget-text-editor\" data-id=\"687c545c\" data-element_type=\"widget\" data-e-type=\"widget\" data-widget_type=\"text-editor.default\">\n\t\t\t\t\t\t\t\t\t<p>Az \u00dajsz\u00f6vets\u00e9g szents\u00e9geit J\u00e9zus Krisztus alap\u00edtotta, amelyek a kereszt\u00e9nyek hit\u00e9let\u00e9hez megadj\u00e1k a sz\u00fclet\u00e9st \u00e9s\u00a0 n\u00f6veked\u00e9st, a gy\u00f3gyul\u00e1st \u00e9s a k\u00fcldet\u00e9st. A szents\u00e9gek teh\u00e1t egym\u00e1sra \u00e9p\u00fclnek a k\u00f6vetkez\u0151k szerint:<\/p><ul><li>A kereszt\u00e9ny beavat\u00e1s szents\u00e9gei: kereszts\u00e9g, b\u00e9rm\u00e1l\u00e1s, olt\u00e1riszents\u00e9g<\/li><li>A gy\u00f3gyul\u00e1s szents\u00e9gei: b\u0171nb\u00e1nat, betegek kenete<\/li><li>A k\u00fcldet\u00e9s \u00e9s k\u00f6z\u00f6ss\u00e9gi szolg\u00e1lat szents\u00e9gei: egyh\u00e1zi rend, h\u00e1zass\u00e1g<\/li><li>Az egyes szents\u00e9gek egym\u00e1shoz val\u00f3 viszony\u00e1ban Aquin\u00f3i Szent Tam\u00e1s p\u00e1rhuzamot fedez fel a f\u00f6ldi \u00e9s a term\u00e9szetfeletti \u00e9let k\u00f6z\u00f6tt.<\/li><\/ul>\t\t\t\t\t\t\t\t<\/div>\n\t\t\t\t<div class=\"elementor-element elementor-element-3c41d88 elementor-widget elementor-widget-text-editor\" data-id=\"3c41d88\" data-element_type=\"widget\" data-e-type=\"widget\" data-widget_type=\"text-editor.default\">\n\t\t\t\t\t\t\t\t\t<p style=\"font-size: 20px;\"><strong>H\u00e9t szents\u00e9g a kereszt\u00e9ny \u00e9let fontos pillanataira: beavat\u00e1s, gy\u00f3gyul\u00e1s, k\u00fcldet\u00e9s \u00e9s k\u00f6z\u00f6ss\u00e9gi szolg\u00e1lat.<\/strong><\/p>\t\t\t\t\t\t\t\t<\/div>\n\t\t\t\t<div class=\"elementor-element elementor-element-a51bde2 elementor-widget elementor-widget-accordion\" data-id=\"a51bde2\" data-element_type=\"widget\" data-e-type=\"widget\" data-widget_type=\"accordion.default\">\n\t\t\t\t\t\t\t<div class=\"elementor-accordion\">\n\t\t\t\t\t\t\t<div class=\"elementor-accordion-item\">\n\t\t\t\t\t<h3 id=\"elementor-tab-title-1731\" class=\"elementor-tab-title\" data-tab=\"1\" role=\"button\" aria-controls=\"elementor-tab-content-1731\" aria-expanded=\"false\">\n\t\t\t\t\t\t\t\t\t\t\t\t\t<span class=\"elementor-accordion-icon elementor-accordion-icon-left\" aria-hidden=\"true\">\n\t\t\t\t\t\t\t\t\t\t\t\t\t\t\t<span class=\"elementor-accordion-icon-closed\"><svg class=\"e-font-icon-svg e-fas-plus\" viewBox=\"0 0 448 512\" xmlns=\"http:\/\/www.w3.org\/2000\/svg\"><path d=\"M416 208H272V64c0-17.67-14.33-32-32-32h-32c-17.67 0-32 14.33-32 32v144H32c-17.67 0-32 14.33-32 32v32c0 17.67 14.33 32 32 32h144v144c0 17.67 14.33 32 32 32h32c17.67 0 32-14.33 32-32V304h144c17.67 0 32-14.33 32-32v-32c0-17.67-14.33-32-32-32z\"><\/path><\/svg><\/span>\n\t\t\t\t\t\t\t\t<span class=\"elementor-accordion-icon-opened\"><svg class=\"e-font-icon-svg e-fas-minus\" viewBox=\"0 0 448 512\" xmlns=\"http:\/\/www.w3.org\/2000\/svg\"><path d=\"M416 208H32c-17.67 0-32 14.33-32 32v32c0 17.67 14.33 32 32 32h384c17.67 0 32-14.33 32-32v-32c0-17.67-14.33-32-32-32z\"><\/path><\/svg><\/span>\n\t\t\t\t\t\t\t\t\t\t\t\t\t\t<\/span>\n\t\t\t\t\t\t\t\t\t\t\t\t<a class=\"elementor-accordion-title\" tabindex=\"0\">Kereszts\u00e9g<\/a>\n\t\t\t\t\t<\/h3>\n\t\t\t\t\t<div id=\"elementor-tab-content-1731\" class=\"elementor-tab-content elementor-clearfix\" data-tab=\"1\" role=\"region\" aria-labelledby=\"elementor-tab-title-1731\"><p>Az eg\u00e9sz kereszt\u00e9ny \u00e9let alapja, a lelki \u00e9let ajtaja \u00e9s kapu a t\u00f6bbi szents\u00e9ghez. \u00c1ltala megszabadulunk az \u00e1tered\u0151 b\u0171nt\u0151l, \u00e9s mint Isten fiai sz\u00fclet\u00fcnk \u00fajj\u00e1, r\u00e9sz\u00e9v\u00e9 v\u00e1lunk az Egyh\u00e1znak, az Egyh\u00e1z k\u00fcldet\u00e9s\u00e9nek.<\/p><\/div>\n\t\t\t\t<\/div>\n\t\t\t\t\t\t\t<div class=\"elementor-accordion-item\">\n\t\t\t\t\t<h3 id=\"elementor-tab-title-1732\" class=\"elementor-tab-title\" data-tab=\"2\" role=\"button\" aria-controls=\"elementor-tab-content-1732\" aria-expanded=\"false\">\n\t\t\t\t\t\t\t\t\t\t\t\t\t<span class=\"elementor-accordion-icon elementor-accordion-icon-left\" aria-hidden=\"true\">\n\t\t\t\t\t\t\t\t\t\t\t\t\t\t\t<span class=\"elementor-accordion-icon-closed\"><svg class=\"e-font-icon-svg e-fas-plus\" viewBox=\"0 0 448 512\" xmlns=\"http:\/\/www.w3.org\/2000\/svg\"><path d=\"M416 208H272V64c0-17.67-14.33-32-32-32h-32c-17.67 0-32 14.33-32 32v144H32c-17.67 0-32 14.33-32 32v32c0 17.67 14.33 32 32 32h144v144c0 17.67 14.33 32 32 32h32c17.67 0 32-14.33 32-32V304h144c17.67 0 32-14.33 32-32v-32c0-17.67-14.33-32-32-32z\"><\/path><\/svg><\/span>\n\t\t\t\t\t\t\t\t<span class=\"elementor-accordion-icon-opened\"><svg class=\"e-font-icon-svg e-fas-minus\" viewBox=\"0 0 448 512\" xmlns=\"http:\/\/www.w3.org\/2000\/svg\"><path d=\"M416 208H32c-17.67 0-32 14.33-32 32v32c0 17.67 14.33 32 32 32h384c17.67 0 32-14.33 32-32v-32c0-17.67-14.33-32-32-32z\"><\/path><\/svg><\/span>\n\t\t\t\t\t\t\t\t\t\t\t\t\t\t<\/span>\n\t\t\t\t\t\t\t\t\t\t\t\t<a class=\"elementor-accordion-title\" tabindex=\"0\">B\u00e9rm\u00e1l\u00e1s<\/a>\n\t\t\t\t\t<\/h3>\n\t\t\t\t\t<div id=\"elementor-tab-content-1732\" class=\"elementor-tab-content elementor-clearfix\" data-tab=\"2\" role=\"region\" aria-labelledby=\"elementor-tab-title-1732\"><p>T\u00f6k\u00e9letes\u00edti a kereszts\u00e9gi kegyelmet. A Szentl\u00e9lek az\u00e9rt aj\u00e1nd\u00e9kozza, hogy m\u00e9lyebben meggy\u00f6kereztessen az istengyermeks\u00e9gben, er\u0151sebb k\u00f6tel\u00e9kkel k\u00f6ss\u00f6n az Egyh\u00e1zhoz. T\u00e1mogat abban, hogy a kereszt\u00e9ny hitr\u0151l tan\u00fas\u00e1got tegy\u00fcnk sz\u00f3val, melyet tettek k\u00f6vetnek.<\/p><\/div>\n\t\t\t\t<\/div>\n\t\t\t\t\t\t\t<div class=\"elementor-accordion-item\">\n\t\t\t\t\t<h3 id=\"elementor-tab-title-1733\" class=\"elementor-tab-title\" data-tab=\"3\" role=\"button\" aria-controls=\"elementor-tab-content-1733\" aria-expanded=\"false\">\n\t\t\t\t\t\t\t\t\t\t\t\t\t<span class=\"elementor-accordion-icon elementor-accordion-icon-left\" aria-hidden=\"true\">\n\t\t\t\t\t\t\t\t\t\t\t\t\t\t\t<span class=\"elementor-accordion-icon-closed\"><svg class=\"e-font-icon-svg e-fas-plus\" viewBox=\"0 0 448 512\" xmlns=\"http:\/\/www.w3.org\/2000\/svg\"><path d=\"M416 208H272V64c0-17.67-14.33-32-32-32h-32c-17.67 0-32 14.33-32 32v144H32c-17.67 0-32 14.33-32 32v32c0 17.67 14.33 32 32 32h144v144c0 17.67 14.33 32 32 32h32c17.67 0 32-14.33 32-32V304h144c17.67 0 32-14.33 32-32v-32c0-17.67-14.33-32-32-32z\"><\/path><\/svg><\/span>\n\t\t\t\t\t\t\t\t<span class=\"elementor-accordion-icon-opened\"><svg class=\"e-font-icon-svg e-fas-minus\" viewBox=\"0 0 448 512\" xmlns=\"http:\/\/www.w3.org\/2000\/svg\"><path d=\"M416 208H32c-17.67 0-32 14.33-32 32v32c0 17.67 14.33 32 32 32h384c17.67 0 32-14.33 32-32v-32c0-17.67-14.33-32-32-32z\"><\/path><\/svg><\/span>\n\t\t\t\t\t\t\t\t\t\t\t\t\t\t<\/span>\n\t\t\t\t\t\t\t\t\t\t\t\t<a class=\"elementor-accordion-title\" tabindex=\"0\">Eucharisztia<\/a>\n\t\t\t\t\t<\/h3>\n\t\t\t\t\t<div id=\"elementor-tab-content-1733\" class=\"elementor-tab-content elementor-clearfix\" data-tab=\"3\" role=\"region\" aria-labelledby=\"elementor-tab-title-1733\"><p>\u00a0<\/p><p><span style=\"font-size: 20px; letter-spacing: 0px;\">A katolikus egyh\u00e1z harmadik beavat\u00f3 szents\u00e9ge a kereszts\u00e9g \u00e9s a b\u00e9rm\u00e1l\u00e1s ut\u00e1n. J\u00e9zus Krisztus \u00f6nk\u00e9nt odaadja nek\u00fcnk \u00f6nmag\u00e1t, hogy mi is \u00e1tadjuk magunkat neki, \u00e9s a szent\u00e1ldoz\u00e1sban vele egyes\u00fclj\u00fcnk. \u00cdgy kapcsol\u00f3dunk bele Krisztus test\u00e9be, az Egyh\u00e1zba. Az Olt\u00e1riszents\u00e9g \u00fcnnepl\u00e9se mindig mag\u00e1ban foglalja: Isten Ig\u00e9j\u00e9nek hirdet\u00e9s\u00e9t, a h\u00e1laad\u00e1st az Atyaistennek minden j\u00f3t\u00e9tem\u00e9ny\u00e9\u00e9rt, a keny\u00e9r \u00e9s a bor \u00e1tv\u00e1ltoztat\u00e1s\u00e1t \u00e9s a r\u00e9szesed\u00e9st a liturgikus lakom\u00e1ban az \u00dar teste \u00e9s v\u00e9re v\u00e9tele \u00e1ltal.<\/span><\/p><\/div>\n\t\t\t\t<\/div>\n\t\t\t\t\t\t\t<div class=\"elementor-accordion-item\">\n\t\t\t\t\t<h3 id=\"elementor-tab-title-1734\" class=\"elementor-tab-title\" data-tab=\"4\" role=\"button\" aria-controls=\"elementor-tab-content-1734\" aria-expanded=\"false\">\n\t\t\t\t\t\t\t\t\t\t\t\t\t<span class=\"elementor-accordion-icon elementor-accordion-icon-left\" aria-hidden=\"true\">\n\t\t\t\t\t\t\t\t\t\t\t\t\t\t\t<span class=\"elementor-accordion-icon-closed\"><svg class=\"e-font-icon-svg e-fas-plus\" viewBox=\"0 0 448 512\" xmlns=\"http:\/\/www.w3.org\/2000\/svg\"><path d=\"M416 208H272V64c0-17.67-14.33-32-32-32h-32c-17.67 0-32 14.33-32 32v144H32c-17.67 0-32 14.33-32 32v32c0 17.67 14.33 32 32 32h144v144c0 17.67 14.33 32 32 32h32c17.67 0 32-14.33 32-32V304h144c17.67 0 32-14.33 32-32v-32c0-17.67-14.33-32-32-32z\"><\/path><\/svg><\/span>\n\t\t\t\t\t\t\t\t<span class=\"elementor-accordion-icon-opened\"><svg class=\"e-font-icon-svg e-fas-minus\" viewBox=\"0 0 448 512\" xmlns=\"http:\/\/www.w3.org\/2000\/svg\"><path d=\"M416 208H32c-17.67 0-32 14.33-32 32v32c0 17.67 14.33 32 32 32h384c17.67 0 32-14.33 32-32v-32c0-17.67-14.33-32-32-32z\"><\/path><\/svg><\/span>\n\t\t\t\t\t\t\t\t\t\t\t\t\t\t<\/span>\n\t\t\t\t\t\t\t\t\t\t\t\t<a class=\"elementor-accordion-title\" tabindex=\"0\">B\u0171nbocs\u00e1nat<\/a>\n\t\t\t\t\t<\/h3>\n\t\t\t\t\t<div id=\"elementor-tab-content-1734\" class=\"elementor-tab-content elementor-clearfix\" data-tab=\"4\" role=\"region\" aria-labelledby=\"elementor-tab-title-1734\"><p><span style=\"font-size: 20px; letter-spacing: 0px;\">A kereszts\u00e9g ut\u00e1n elk\u00f6vetett b\u0171n\u00f6k elt\u00f6rl\u00e9s\u00e9t kaphatjuk. A b\u0171nb\u00e1n\u00f3 h\u00e1rom cselekedet\u00e9b\u0151l \u00e9s a pap f\u00f6loldoz\u00e1s\u00e1b\u00f3l \u00e1ll.\u00a0<\/span><span style=\"font-size: 20px; letter-spacing: 0px;\">A h\u00e1rom cselekedet: 1)\u00a0<\/span><span style=\"font-size: 20px; letter-spacing: 0px;\">B\u00e1nat, gy\u00f3n\u00e1s, vagyis a b\u0171n\u00f6k f\u00f6lt\u00e1r\u00e1sa a pap el\u0151tt; 2) E<\/span><span style=\"font-size: 20px; letter-spacing: 0px;\">lhat\u00e1roz\u00e1s a j\u00f3v\u00e1t\u00e9telre; 3) a<\/span><span style=\"font-size: 20px; letter-spacing: 0px;\">\u00a0j\u00f3v\u00e1t\u00e9tel elv\u00e9gz\u00e9se.<\/span><\/p><p><span style=\"font-size: 20px; letter-spacing: 0px;\">Aki el akarja nyerni a kiengesztel\u0151d\u00e9st Istennel \u00e9s az Egyh\u00e1zzal, minden s\u00falyos b\u0171n\u00e9t meg kell vallania a pap el\u0151tt, melyeket m\u00e9g nem gy\u00f3nt meg, s melyekre gondos lelkiismeretvizsg\u00e1lat ut\u00e1n eml\u00e9kszik. A bocs\u00e1natos b\u0171n\u00f6k meggy\u00f3n\u00e1sa nem k\u00f6telez\u0151, de az Egyh\u00e1z \u00e1ltal nagyon aj\u00e1nlott.<\/span><\/p><\/div>\n\t\t\t\t<\/div>\n\t\t\t\t\t\t\t<div class=\"elementor-accordion-item\">\n\t\t\t\t\t<h3 id=\"elementor-tab-title-1735\" class=\"elementor-tab-title\" data-tab=\"5\" role=\"button\" aria-controls=\"elementor-tab-content-1735\" aria-expanded=\"false\">\n\t\t\t\t\t\t\t\t\t\t\t\t\t<span class=\"elementor-accordion-icon elementor-accordion-icon-left\" aria-hidden=\"true\">\n\t\t\t\t\t\t\t\t\t\t\t\t\t\t\t<span class=\"elementor-accordion-icon-closed\"><svg class=\"e-font-icon-svg e-fas-plus\" viewBox=\"0 0 448 512\" xmlns=\"http:\/\/www.w3.org\/2000\/svg\"><path d=\"M416 208H272V64c0-17.67-14.33-32-32-32h-32c-17.67 0-32 14.33-32 32v144H32c-17.67 0-32 14.33-32 32v32c0 17.67 14.33 32 32 32h144v144c0 17.67 14.33 32 32 32h32c17.67 0 32-14.33 32-32V304h144c17.67 0 32-14.33 32-32v-32c0-17.67-14.33-32-32-32z\"><\/path><\/svg><\/span>\n\t\t\t\t\t\t\t\t<span class=\"elementor-accordion-icon-opened\"><svg class=\"e-font-icon-svg e-fas-minus\" viewBox=\"0 0 448 512\" xmlns=\"http:\/\/www.w3.org\/2000\/svg\"><path d=\"M416 208H32c-17.67 0-32 14.33-32 32v32c0 17.67 14.33 32 32 32h384c17.67 0 32-14.33 32-32v-32c0-17.67-14.33-32-32-32z\"><\/path><\/svg><\/span>\n\t\t\t\t\t\t\t\t\t\t\t\t\t\t<\/span>\n\t\t\t\t\t\t\t\t\t\t\t\t<a class=\"elementor-accordion-title\" tabindex=\"0\">Betegek kenete<\/a>\n\t\t\t\t\t<\/h3>\n\t\t\t\t\t<div id=\"elementor-tab-content-1735\" class=\"elementor-tab-content elementor-clearfix\" data-tab=\"5\" role=\"region\" aria-labelledby=\"elementor-tab-title-1735\"><p><span style=\"font-size: 20px; letter-spacing: 0px;\">\u00c1ltala a beteg a Szentl\u00e9lek kegyelm\u00e9t kapja, amely az eg\u00e9sz embert seg\u00edti \u00e9s t\u00f6k\u00e9letes\u00edti: meger\u0151s\u00edti az Istenbe vetett bizalomban, er\u0151t ad a k\u00eds\u00e9rt\u00e9sek ellen. A szent kenet f\u00f6lv\u00e9tel\u00e9re alkalmas id\u0151 el\u00e9rkezett, amikor a h\u00edv\u0151 betegs\u00e9g vagy \u00f6regs\u00e9g miatt a hal\u00e1lvesz\u00e9ly k\u00f6zel\u00e9be ker\u00fcl. Valah\u00e1nyszor egy kereszt\u00e9ny ember s\u00falyosan megbetegedik, f\u00f6lveheti a szent kenetet, illetve megism\u00e9telheti, ha \u00e1llapota s\u00falyosbodik.<\/span><\/p><\/div>\n\t\t\t\t<\/div>\n\t\t\t\t\t\t\t<div class=\"elementor-accordion-item\">\n\t\t\t\t\t<h3 id=\"elementor-tab-title-1736\" class=\"elementor-tab-title\" data-tab=\"6\" role=\"button\" aria-controls=\"elementor-tab-content-1736\" aria-expanded=\"false\">\n\t\t\t\t\t\t\t\t\t\t\t\t\t<span class=\"elementor-accordion-icon elementor-accordion-icon-left\" aria-hidden=\"true\">\n\t\t\t\t\t\t\t\t\t\t\t\t\t\t\t<span class=\"elementor-accordion-icon-closed\"><svg class=\"e-font-icon-svg e-fas-plus\" viewBox=\"0 0 448 512\" xmlns=\"http:\/\/www.w3.org\/2000\/svg\"><path d=\"M416 208H272V64c0-17.67-14.33-32-32-32h-32c-17.67 0-32 14.33-32 32v144H32c-17.67 0-32 14.33-32 32v32c0 17.67 14.33 32 32 32h144v144c0 17.67 14.33 32 32 32h32c17.67 0 32-14.33 32-32V304h144c17.67 0 32-14.33 32-32v-32c0-17.67-14.33-32-32-32z\"><\/path><\/svg><\/span>\n\t\t\t\t\t\t\t\t<span class=\"elementor-accordion-icon-opened\"><svg class=\"e-font-icon-svg e-fas-minus\" viewBox=\"0 0 448 512\" xmlns=\"http:\/\/www.w3.org\/2000\/svg\"><path d=\"M416 208H32c-17.67 0-32 14.33-32 32v32c0 17.67 14.33 32 32 32h384c17.67 0 32-14.33 32-32v-32c0-17.67-14.33-32-32-32z\"><\/path><\/svg><\/span>\n\t\t\t\t\t\t\t\t\t\t\t\t\t\t<\/span>\n\t\t\t\t\t\t\t\t\t\t\t\t<a class=\"elementor-accordion-title\" tabindex=\"0\">Egyh\u00e1zi rend<\/a>\n\t\t\t\t\t<\/h3>\n\t\t\t\t\t<div id=\"elementor-tab-content-1736\" class=\"elementor-tab-content elementor-clearfix\" data-tab=\"6\" role=\"region\" aria-labelledby=\"elementor-tab-title-1736\"><p><span style=\"font-size: 20px; letter-spacing: 0px;\">Az egyh\u00e1zi rend az a szents\u00e9g, mely \u00e1ltal a Krisztust\u00f3l Apostolaira b\u00edzott k\u00fcldet\u00e9s teljes\u00edt\u00e9se folytat\u00f3dik az Egyh\u00e1zban az id\u0151k v\u00e9gezet\u00e9ig: teh\u00e1t az apostoli szolg\u00e1lat szents\u00e9ge. H\u00e1rom fokozata van: a p\u00fcsp\u00f6ks\u00e9g, az \u00e1ldoz\u00f3paps\u00e1g \u00e9s a diakon\u00e1tus. A szolg\u00e1lati paps\u00e1g l\u00e9nyeg\u00e9ben k\u00fcl\u00f6nb\u00f6zik a h\u00edv\u0151k \u00e1ltal\u00e1nos paps\u00e1g\u00e1t\u00f3l, amiatt, hogy szent hatalmat ad a h\u00edv\u0151k szolg\u00e1lat\u00e1ra. A f\u00f6lszentelt szolg\u00e1k Isten n\u00e9pe szolg\u00e1lat\u00e1t a tan\u00edt\u00e1s (a tan\u00edt\u00e1s feladata), az istentisztelet (liturgikus feladat) \u00e9s a lelkip\u00e1sztori ir\u00e1ny\u00edt\u00e1s (ir\u00e1ny\u00edt\u00e1s feladata) \u00e1ltal v\u00e9gzik.<\/span><\/p><\/div>\n\t\t\t\t<\/div>\n\t\t\t\t\t\t\t<div class=\"elementor-accordion-item\">\n\t\t\t\t\t<h3 id=\"elementor-tab-title-1737\" class=\"elementor-tab-title\" data-tab=\"7\" role=\"button\" aria-controls=\"elementor-tab-content-1737\" aria-expanded=\"false\">\n\t\t\t\t\t\t\t\t\t\t\t\t\t<span class=\"elementor-accordion-icon elementor-accordion-icon-left\" aria-hidden=\"true\">\n\t\t\t\t\t\t\t\t\t\t\t\t\t\t\t<span class=\"elementor-accordion-icon-closed\"><svg class=\"e-font-icon-svg e-fas-plus\" viewBox=\"0 0 448 512\" xmlns=\"http:\/\/www.w3.org\/2000\/svg\"><path d=\"M416 208H272V64c0-17.67-14.33-32-32-32h-32c-17.67 0-32 14.33-32 32v144H32c-17.67 0-32 14.33-32 32v32c0 17.67 14.33 32 32 32h144v144c0 17.67 14.33 32 32 32h32c17.67 0 32-14.33 32-32V304h144c17.67 0 32-14.33 32-32v-32c0-17.67-14.33-32-32-32z\"><\/path><\/svg><\/span>\n\t\t\t\t\t\t\t\t<span class=\"elementor-accordion-icon-opened\"><svg class=\"e-font-icon-svg e-fas-minus\" viewBox=\"0 0 448 512\" xmlns=\"http:\/\/www.w3.org\/2000\/svg\"><path d=\"M416 208H32c-17.67 0-32 14.33-32 32v32c0 17.67 14.33 32 32 32h384c17.67 0 32-14.33 32-32v-32c0-17.67-14.33-32-32-32z\"><\/path><\/svg><\/span>\n\t\t\t\t\t\t\t\t\t\t\t\t\t\t<\/span>\n\t\t\t\t\t\t\t\t\t\t\t\t<a class=\"elementor-accordion-title\" tabindex=\"0\">H\u00e1zass\u00e1g<\/a>\n\t\t\t\t\t<\/h3>\n\t\t\t\t\t<div id=\"elementor-tab-content-1737\" class=\"elementor-tab-content elementor-clearfix\" data-tab=\"7\" role=\"region\" aria-labelledby=\"elementor-tab-title-1737\"><p><span style=\"font-size: 20px; letter-spacing: 0px;\">A h\u00e1zass\u00e1gi sz\u00f6vets\u00e9get, mellyel egy f\u00e9rfi \u00e9s egy n\u0151 az \u00e9let \u00e9s a szeretet bens\u0151s\u00e9ges k\u00f6z\u00f6ss\u00e9g\u00e9t alkotja egym\u00e1ssal, a Teremt\u0151 alap\u00edtotta \u00e9s saj\u00e1t t\u00f6rv\u00e9nyekkel l\u00e1tta el. Term\u00e9szete szerint a h\u00e1zast\u00e1rsak jav\u00e1ra \u00e9s a gyermek nemz\u00e9s\u00e9re \u00e9s nevel\u00e9s\u00e9re van rendelve. A h\u00e1zass\u00e1g szents\u00e9ge Krisztus \u00e9s az Egyh\u00e1z egys\u00e9g\u00e9t jelzi.<\/span><\/p><\/div>\n\t\t\t\t<\/div>\n\t\t\t\t\t\t\t\t<\/div>\n\t\t\t\t\t\t<\/div>\n\t\t\t\t<div class=\"elementor-element elementor-element-39bff2a elementor-button-warning elementor-align-center elementor-widget elementor-widget-button\" data-id=\"39bff2a\" data-element_type=\"widget\" data-e-type=\"widget\" data-widget_type=\"button.default\">\n\t\t\t\t\t\t\t\t\t\t<a class=\"elementor-button elementor-button-link elementor-size-sm\" href=\"https:\/\/szentanna5.hu\/wp\/\">\n\t\t\t\t\t\t<span class=\"elementor-button-content-wrapper\">\n\t\t\t\t\t\t\t\t\t<span class=\"elementor-button-text\">Kezd\u0151lap<\/span>\n\t\t\t\t\t<\/span>\n\t\t\t\t\t<\/a>\n\t\t\t\t\t\t\t\t<\/div>\n\t\t\t\t\t<\/div>\n\t\t\t\t<\/div>\n\t\t\t\t<\/div>\n\t\t","protected":false},"excerpt":{"rendered":"<p>Szents\u00e9gek H\u00c9T SZENTS\u00c9G A KERESZT\u00c9NY \u00c9LET FONTOS PILLANATAIRA Szents\u00e9gek Az \u00dajsz\u00f6vets\u00e9g szents\u00e9geit J\u00e9zus Krisztus alap\u00edtotta, amelyek a kereszt\u00e9nyek hit\u00e9let\u00e9hez megadj\u00e1k a sz\u00fclet\u00e9st \u00e9s\u00a0 n\u00f6veked\u00e9st, a gy\u00f3gyul\u00e1st \u00e9s a k\u00fcldet\u00e9st. A szents\u00e9gek teh\u00e1t egym\u00e1sra \u00e9p\u00fclnek a k\u00f6vetkez\u0151k szerint: A kereszt\u00e9ny beavat\u00e1s szents\u00e9gei: kereszts\u00e9g, b\u00e9rm\u00e1l\u00e1s, olt\u00e1riszents\u00e9g A gy\u00f3gyul\u00e1s szents\u00e9gei: b\u0171nb\u00e1nat, betegek kenete A k\u00fcldet\u00e9s \u00e9s k\u00f6z\u00f6ss\u00e9gi szolg\u00e1lat&hellip;<\/p>\n<p class=\"more-link\"><a href=\"https:\/\/szentanna5.hu\/wp\/?page_id=4190\" class=\"themebutton\">Read More<\/a><\/p>\n","protected":false},"author":1,"featured_media":0,"parent":0,"menu_order":0,"comment_status":"closed","ping_status":"closed","template":"elementor_canvas","meta":{"footnotes":""},"class_list":["post-4190","page","type-page","status-publish","hentry"],"_links":{"self":[{"href":"https:\/\/szentanna5.hu\/wp\/index.php?rest_route=\/wp\/v2\/pages\/4190","targetHints":{"allow":["GET"]}}],"collection":[{"href":"https:\/\/szentanna5.hu\/wp\/index.php?rest_route=\/wp\/v2\/pages"}],"about":[{"href":"https:\/\/szentanna5.hu\/wp\/index.php?rest_route=\/wp\/v2\/types\/page"}],"author":[{"embeddable":true,"href":"https:\/\/szentanna5.hu\/wp\/index.php?rest_route=\/wp\/v2\/users\/1"}],"replies":[{"embeddable":true,"href":"https:\/\/szentanna5.hu\/wp\/index.php?rest_route=%2Fwp%2Fv2%2Fcomments&post=4190"}],"version-history":[{"count":25,"href":"https:\/\/szentanna5.hu\/wp\/index.php?rest_route=\/wp\/v2\/pages\/4190\/revisions"}],"predecessor-version":[{"id":4367,"href":"https:\/\/szentanna5.hu\/wp\/index.php?rest_route=\/wp\/v2\/pages\/4190\/revisions\/4367"}],"wp:attachment":[{"href":"https:\/\/szentanna5.hu\/wp\/index.php?rest_route=%2Fwp%2Fv2%2Fmedia&parent=4190"}],"curies":[{"name":"wp","href":"https:\/\/api.w.org\/{rel}","templated":true}]}}