{"id":2852,"date":"2022-01-12T13:43:10","date_gmt":"2022-01-12T12:43:10","guid":{"rendered":"https:\/\/szentanna5.hu\/wp\/?page_id=2852"},"modified":"2026-02-28T15:05:26","modified_gmt":"2026-02-28T14:05:26","slug":"egyhazi-hozzajarulas","status":"publish","type":"page","link":"https:\/\/szentanna5.hu\/wp\/?page_id=2852","title":{"rendered":"Egyh\u00e1zi Hozz\u00e1j\u00e1rul\u00e1s"},"content":{"rendered":"\t\t<div data-elementor-type=\"wp-page\" data-elementor-id=\"2852\" class=\"elementor elementor-2852\">\n\t\t\t\t\t\t<section class=\"elementor-section elementor-top-section elementor-element elementor-element-13e5ca0 elementor-section-height-min-height elementor-section-full_width elementor-section-height-default elementor-section-items-middle elementor-invisible\" data-id=\"13e5ca0\" data-element_type=\"section\" data-e-type=\"section\" data-settings=\"{&quot;background_background&quot;:&quot;classic&quot;,&quot;animation&quot;:&quot;fadeIn&quot;}\">\n\t\t\t\t\t\t<div class=\"elementor-container elementor-column-gap-default\">\n\t\t\t\t\t<div class=\"elementor-column elementor-col-100 elementor-top-column elementor-element elementor-element-599e908b\" data-id=\"599e908b\" data-element_type=\"column\" data-e-type=\"column\">\n\t\t\t<div class=\"elementor-widget-wrap\">\n\t\t\t\t\t\t\t<\/div>\n\t\t<\/div>\n\t\t\t\t\t<\/div>\n\t\t<\/section>\n\t\t\t\t<section class=\"elementor-section elementor-top-section elementor-element elementor-element-36d6203 elementor-section-boxed elementor-section-height-default elementor-section-height-default\" data-id=\"36d6203\" data-element_type=\"section\" data-e-type=\"section\" data-settings=\"{&quot;background_background&quot;:&quot;classic&quot;}\">\n\t\t\t\t\t\t<div class=\"elementor-container elementor-column-gap-default\">\n\t\t\t\t\t<div class=\"elementor-column elementor-col-100 elementor-top-column elementor-element elementor-element-be3640e\" data-id=\"be3640e\" data-element_type=\"column\" data-e-type=\"column\" data-settings=\"{&quot;background_background&quot;:&quot;classic&quot;}\">\n\t\t\t<div class=\"elementor-widget-wrap elementor-element-populated\">\n\t\t\t\t\t\t<div class=\"elementor-element elementor-element-a6afe38 elementor-widget elementor-widget-heading\" data-id=\"a6afe38\" data-element_type=\"widget\" data-e-type=\"widget\" data-widget_type=\"heading.default\">\n\t\t\t\t\t<h2 class=\"elementor-heading-title elementor-size-large\">Egyh\u00e1zi hozz\u00e1j\u00e1rul\u00e1s<\/h2>\t\t\t\t<\/div>\n\t\t\t\t\t<\/div>\n\t\t<\/div>\n\t\t\t\t\t<\/div>\n\t\t<\/section>\n\t\t\t\t<section class=\"elementor-section elementor-top-section elementor-element elementor-element-73109ab elementor-section-boxed elementor-section-height-default elementor-section-height-default\" data-id=\"73109ab\" data-element_type=\"section\" data-e-type=\"section\" data-settings=\"{&quot;background_background&quot;:&quot;classic&quot;}\">\n\t\t\t\t\t\t<div class=\"elementor-container elementor-column-gap-default\">\n\t\t\t\t\t<div class=\"elementor-column elementor-col-100 elementor-top-column elementor-element elementor-element-b112b76\" data-id=\"b112b76\" data-element_type=\"column\" data-e-type=\"column\" data-settings=\"{&quot;background_background&quot;:&quot;classic&quot;}\">\n\t\t\t<div class=\"elementor-widget-wrap elementor-element-populated\">\n\t\t\t\t\t\t<div class=\"elementor-element elementor-element-bb0fdd1 elementor-widget elementor-widget-heading\" data-id=\"bb0fdd1\" data-element_type=\"widget\" data-e-type=\"widget\" data-widget_type=\"heading.default\">\n\t\t\t\t\t<p class=\"elementor-heading-title elementor-size-default\">Befizethet\u0151<\/p>\t\t\t\t<\/div>\n\t\t\t\t\t<\/div>\n\t\t<\/div>\n\t\t\t\t\t<\/div>\n\t\t<\/section>\n\t\t\t\t<section class=\"elementor-section elementor-top-section elementor-element elementor-element-ccf04f6 elementor-section-boxed elementor-section-height-default elementor-section-height-default\" data-id=\"ccf04f6\" data-element_type=\"section\" data-e-type=\"section\" data-settings=\"{&quot;background_background&quot;:&quot;classic&quot;}\">\n\t\t\t\t\t\t<div class=\"elementor-container elementor-column-gap-default\">\n\t\t\t\t\t<div class=\"elementor-column elementor-col-100 elementor-top-column elementor-element elementor-element-a7336d9\" data-id=\"a7336d9\" data-element_type=\"column\" data-e-type=\"column\" data-settings=\"{&quot;background_background&quot;:&quot;classic&quot;}\">\n\t\t\t<div class=\"elementor-widget-wrap elementor-element-populated\">\n\t\t\t\t\t\t<div class=\"elementor-element elementor-element-a0123e8 elementor-widget elementor-widget-text-editor\" data-id=\"a0123e8\" data-element_type=\"widget\" data-e-type=\"widget\" data-widget_type=\"text-editor.default\">\n\t\t\t\t\t\t\t\t\t<p><span style=\"font-size: 14pt;\"><strong>Templomi irod\u00e1n <\/strong><strong>vagy banki utal\u00e1ssal<\/strong><\/span><\/p><p><span style=\"font-size: 14pt;\">Az egyh\u00e1zi hozz\u00e1j\u00e1rul\u00e1s befizethet\u0151 az irod\u00e1n nyitvatart\u00e1si id\u0151ben, vagy az al\u00e1bbi banksz\u00e1mlasz\u00e1mon:<\/span><\/p><p><span style=\"font-size: 14pt;\">CIB bank: 10700206-24667100-51100005<\/span><\/p><p><span style=\"font-size: 14pt;\">IBAN: HU70107002062466710051100005<\/span><\/p><p><span style=\"font-size: 14pt;\"><strong>Tulajdonos:<\/strong> Budapest Belv\u00e1rosi Szent Anna Templomigazgat\u00f3s\u00e1g<\/span><\/p><p><span style=\"font-size: 14pt;\">SWIFT k\u00f3d: CIBHHUHBXXX<\/span><\/p>\t\t\t\t\t\t\t\t<\/div>\n\t\t\t\t\t<\/div>\n\t\t<\/div>\n\t\t\t\t\t<\/div>\n\t\t<\/section>\n\t\t\t\t<section class=\"elementor-section elementor-top-section elementor-element elementor-element-1b6b4393 elementor-section-content-middle elementor-section-boxed elementor-section-height-default elementor-section-height-default\" data-id=\"1b6b4393\" data-element_type=\"section\" data-e-type=\"section\" data-settings=\"{&quot;background_background&quot;:&quot;classic&quot;}\">\n\t\t\t\t\t\t<div class=\"elementor-container elementor-column-gap-default\">\n\t\t\t\t\t<div class=\"elementor-column elementor-col-100 elementor-top-column elementor-element elementor-element-562e45f1\" data-id=\"562e45f1\" data-element_type=\"column\" data-e-type=\"column\" data-settings=\"{&quot;background_background&quot;:&quot;classic&quot;}\">\n\t\t\t<div class=\"elementor-widget-wrap elementor-element-populated\">\n\t\t\t\t\t\t<div class=\"elementor-element elementor-element-df27030 elementor-button-warning elementor-align-center elementor-widget elementor-widget-button\" data-id=\"df27030\" data-element_type=\"widget\" data-e-type=\"widget\" data-widget_type=\"button.default\">\n\t\t\t\t\t\t\t\t\t\t<a class=\"elementor-button elementor-button-link elementor-size-sm\" href=\"https:\/\/szentanna5.hu\/wp\/\">\n\t\t\t\t\t\t<span class=\"elementor-button-content-wrapper\">\n\t\t\t\t\t\t\t\t\t<span class=\"elementor-button-text\">Kezd\u0151lap<\/span>\n\t\t\t\t\t<\/span>\n\t\t\t\t\t<\/a>\n\t\t\t\t\t\t\t\t<\/div>\n\t\t\t\t\t<\/div>\n\t\t<\/div>\n\t\t\t\t\t<\/div>\n\t\t<\/section>\n\t\t\t\t<\/div>\n\t\t","protected":false},"excerpt":{"rendered":"<p>Egyh\u00e1zi hozz\u00e1j\u00e1rul\u00e1s Befizethet\u0151 Templomi irod\u00e1n vagy banki utal\u00e1ssal Az egyh\u00e1zi hozz\u00e1j\u00e1rul\u00e1s befizethet\u0151 az irod\u00e1n nyitvatart\u00e1si id\u0151ben, vagy az al\u00e1bbi banksz\u00e1mlasz\u00e1mon: CIB bank: 10700206-24667100-51100005 IBAN: HU70107002062466710051100005 Tulajdonos: Budapest Belv\u00e1rosi Szent Anna Templomigazgat\u00f3s\u00e1g SWIFT k\u00f3d: CIBHHUHBXXX Kezd\u0151lap<\/p>\n","protected":false},"author":1,"featured_media":0,"parent":0,"menu_order":0,"comment_status":"closed","ping_status":"closed","template":"elementor_canvas","meta":{"footnotes":""},"class_list":["post-2852","page","type-page","status-publish","hentry"],"_links":{"self":[{"href":"https:\/\/szentanna5.hu\/wp\/index.php?rest_route=\/wp\/v2\/pages\/2852","targetHints":{"allow":["GET"]}}],"collection":[{"href":"https:\/\/szentanna5.hu\/wp\/index.php?rest_route=\/wp\/v2\/pages"}],"about":[{"href":"https:\/\/szentanna5.hu\/wp\/index.php?rest_route=\/wp\/v2\/types\/page"}],"author":[{"embeddable":true,"href":"https:\/\/szentanna5.hu\/wp\/index.php?rest_route=\/wp\/v2\/users\/1"}],"replies":[{"embeddable":true,"href":"https:\/\/szentanna5.hu\/wp\/index.php?rest_route=%2Fwp%2Fv2%2Fcomments&post=2852"}],"version-history":[{"count":125,"href":"https:\/\/szentanna5.hu\/wp\/index.php?rest_route=\/wp\/v2\/pages\/2852\/revisions"}],"predecessor-version":[{"id":4758,"href":"https:\/\/szentanna5.hu\/wp\/index.php?rest_route=\/wp\/v2\/pages\/2852\/revisions\/4758"}],"wp:attachment":[{"href":"https:\/\/szentanna5.hu\/wp\/index.php?rest_route=%2Fwp%2Fv2%2Fmedia&parent=2852"}],"curies":[{"name":"wp","href":"https:\/\/api.w.org\/{rel}","templated":true}]}}