{"id":2475,"date":"2021-10-29T13:22:30","date_gmt":"2021-10-29T12:22:30","guid":{"rendered":"https:\/\/szentanna5.hu\/wp\/?page_id=2475"},"modified":"2026-04-27T10:23:39","modified_gmt":"2026-04-27T09:23:39","slug":"hirdeteseink","status":"publish","type":"page","link":"https:\/\/szentanna5.hu\/wp\/?page_id=2475","title":{"rendered":"Hirdet\u00e9seink"},"content":{"rendered":"\t\t<div data-elementor-type=\"wp-page\" data-elementor-id=\"2475\" class=\"elementor elementor-2475\">\n\t\t\t\t<div class=\"elementor-element elementor-element-b0ad929 e-flex e-con-boxed e-con e-parent\" data-id=\"b0ad929\" data-element_type=\"container\" data-e-type=\"container\" data-settings=\"{&quot;background_background&quot;:&quot;classic&quot;}\">\n\t\t\t\t\t<div class=\"e-con-inner\">\n\t\t\t\t\t<\/div>\n\t\t\t\t<\/div>\n\t\t\t\t<section class=\"elementor-section elementor-top-section elementor-element elementor-element-529b951 elementor-section-boxed elementor-section-height-default elementor-section-height-default\" data-id=\"529b951\" data-element_type=\"section\" data-e-type=\"section\" data-settings=\"{&quot;background_background&quot;:&quot;classic&quot;}\">\n\t\t\t\t\t\t<div class=\"elementor-container elementor-column-gap-default\">\n\t\t\t\t\t<div class=\"elementor-column elementor-col-100 elementor-top-column elementor-element elementor-element-0dabd63\" data-id=\"0dabd63\" data-element_type=\"column\" data-e-type=\"column\" data-settings=\"{&quot;background_background&quot;:&quot;classic&quot;}\">\n\t\t\t<div class=\"elementor-widget-wrap elementor-element-populated\">\n\t\t\t\t\t\t<div class=\"elementor-element elementor-element-174dfbd elementor-widget__width-initial elementor-widget-tablet__width-initial elementor-widget elementor-widget-heading\" data-id=\"174dfbd\" data-element_type=\"widget\" data-e-type=\"widget\" data-widget_type=\"heading.default\">\n\t\t\t\t\t<h5 class=\"elementor-heading-title elementor-size-default\">Hirdet\u00e9seink<span style=\"font-weight: normal\"><\/span><\/h5>\t\t\t\t<\/div>\n\t\t\t\t\t<\/div>\n\t\t<\/div>\n\t\t\t\t\t<\/div>\n\t\t<\/section>\n\t\t<div class=\"elementor-element elementor-element-4fc4645 e-flex e-con-boxed e-con e-parent\" data-id=\"4fc4645\" data-element_type=\"container\" data-e-type=\"container\">\n\t\t\t\t\t<div class=\"e-con-inner\">\n\t\t\t\t<div class=\"elementor-element elementor-element-aa7823e elementor-widget elementor-widget-image\" data-id=\"aa7823e\" data-element_type=\"widget\" data-e-type=\"widget\" data-widget_type=\"image.default\">\n\t\t\t\t\t\t\t\t\t\t\t\t\t\t\t<img fetchpriority=\"high\" decoding=\"async\" width=\"1241\" height=\"1755\" src=\"https:\/\/szentanna5.hu\/wp\/wp-content\/uploads\/2026\/04\/SAHirdet_page-0001.jpg\" class=\"attachment-full size-full wp-image-5061\" alt=\"\" srcset=\"https:\/\/szentanna5.hu\/wp\/wp-content\/uploads\/2026\/04\/SAHirdet_page-0001.jpg 1241w, https:\/\/szentanna5.hu\/wp\/wp-content\/uploads\/2026\/04\/SAHirdet_page-0001-212x300.jpg 212w, https:\/\/szentanna5.hu\/wp\/wp-content\/uploads\/2026\/04\/SAHirdet_page-0001-724x1024.jpg 724w, https:\/\/szentanna5.hu\/wp\/wp-content\/uploads\/2026\/04\/SAHirdet_page-0001-768x1086.jpg 768w, https:\/\/szentanna5.hu\/wp\/wp-content\/uploads\/2026\/04\/SAHirdet_page-0001-1086x1536.jpg 1086w\" sizes=\"(max-width: 1241px) 100vw, 1241px\" \/>\t\t\t\t\t\t\t\t\t\t\t\t\t\t\t<\/div>\n\t\t\t\t\t<\/div>\n\t\t\t\t<\/div>\n\t\t<div class=\"elementor-element elementor-element-b8eef95 e-flex e-con-boxed e-con e-parent\" data-id=\"b8eef95\" data-element_type=\"container\" data-e-type=\"container\">\n\t\t\t\t\t<div class=\"e-con-inner\">\n\t\t<div class=\"elementor-element elementor-element-52640cc e-con-full e-flex e-con e-child\" data-id=\"52640cc\" data-element_type=\"container\" data-e-type=\"container\">\n\t\t\t\t<div class=\"elementor-element elementor-element-607586a elementor-widget-divider--view-line elementor-widget elementor-widget-divider\" data-id=\"607586a\" data-element_type=\"widget\" data-e-type=\"widget\" data-widget_type=\"divider.default\">\n\t\t\t\t\t\t\t<div class=\"elementor-divider\">\n\t\t\t<span class=\"elementor-divider-separator\">\n\t\t\t\t\t\t<\/span>\n\t\t<\/div>\n\t\t\t\t\t\t<\/div>\n\t\t\t\t<div class=\"elementor-element elementor-element-aee1923 elementor-widget elementor-widget-heading\" data-id=\"aee1923\" data-element_type=\"widget\" data-e-type=\"widget\" data-widget_type=\"heading.default\">\n\t\t\t\t\t<h2 class=\"elementor-heading-title elementor-size-large\">Ny\u00e1ri Fi\u00fat\u00e1bor<\/h2>\t\t\t\t<\/div>\n\t\t\t\t<div class=\"elementor-element elementor-element-2d0785c elementor-widget elementor-widget-text-editor\" data-id=\"2d0785c\" data-element_type=\"widget\" data-e-type=\"widget\" data-widget_type=\"text-editor.default\">\n\t\t\t\t\t\t\t\t\t<p>\u00cdrassa be gyermek\u00e9t ny\u00e1ri fi\u00fat\u00e1borunkba!<br data-start=\"278\" data-end=\"281\" \/>Jelentkez\u00e9s \u00e9s tov\u00e1bbi inform\u00e1ci\u00f3: belvsztanna@gmail.com<\/p>\t\t\t\t\t\t\t\t<\/div>\n\t\t\t\t<div class=\"elementor-element elementor-element-1d2f851 elementor-widget elementor-widget-image\" data-id=\"1d2f851\" data-element_type=\"widget\" data-e-type=\"widget\" data-widget_type=\"image.default\">\n\t\t\t\t\t\t\t\t\t\t\t\t\t\t\t<img decoding=\"async\" width=\"1600\" height=\"1199\" src=\"https:\/\/szentanna5.hu\/wp\/wp-content\/uploads\/2026\/04\/IMG-20260412-WA0010.jpg\" class=\"attachment-full size-full wp-image-4881\" alt=\"\" srcset=\"https:\/\/szentanna5.hu\/wp\/wp-content\/uploads\/2026\/04\/IMG-20260412-WA0010.jpg 1600w, https:\/\/szentanna5.hu\/wp\/wp-content\/uploads\/2026\/04\/IMG-20260412-WA0010-300x225.jpg 300w, https:\/\/szentanna5.hu\/wp\/wp-content\/uploads\/2026\/04\/IMG-20260412-WA0010-1024x767.jpg 1024w, https:\/\/szentanna5.hu\/wp\/wp-content\/uploads\/2026\/04\/IMG-20260412-WA0010-768x576.jpg 768w, https:\/\/szentanna5.hu\/wp\/wp-content\/uploads\/2026\/04\/IMG-20260412-WA0010-1536x1151.jpg 1536w, https:\/\/szentanna5.hu\/wp\/wp-content\/uploads\/2026\/04\/IMG-20260412-WA0010-380x285.jpg 380w, https:\/\/szentanna5.hu\/wp\/wp-content\/uploads\/2026\/04\/IMG-20260412-WA0010-285x214.jpg 285w\" sizes=\"(max-width: 1600px) 100vw, 1600px\" \/>\t\t\t\t\t\t\t\t\t\t\t\t\t\t\t<\/div>\n\t\t\t\t<\/div>\n\t\t\t\t\t<\/div>\n\t\t\t\t<\/div>\n\t\t\t\t<\/div>\n\t\t","protected":false},"excerpt":{"rendered":"<p>Hirdet\u00e9seink Ny\u00e1ri Fi\u00fat\u00e1bor \u00cdrassa be gyermek\u00e9t ny\u00e1ri fi\u00fat\u00e1borunkba!Jelentkez\u00e9s \u00e9s tov\u00e1bbi inform\u00e1ci\u00f3: belvsztanna@gmail.com<\/p>\n","protected":false},"author":1,"featured_media":0,"parent":0,"menu_order":0,"comment_status":"closed","ping_status":"closed","template":"elementor_canvas","meta":{"footnotes":""},"class_list":["post-2475","page","type-page","status-publish","hentry"],"_links":{"self":[{"href":"https:\/\/szentanna5.hu\/wp\/index.php?rest_route=\/wp\/v2\/pages\/2475","targetHints":{"allow":["GET"]}}],"collection":[{"href":"https:\/\/szentanna5.hu\/wp\/index.php?rest_route=\/wp\/v2\/pages"}],"about":[{"href":"https:\/\/szentanna5.hu\/wp\/index.php?rest_route=\/wp\/v2\/types\/page"}],"author":[{"embeddable":true,"href":"https:\/\/szentanna5.hu\/wp\/index.php?rest_route=\/wp\/v2\/users\/1"}],"replies":[{"embeddable":true,"href":"https:\/\/szentanna5.hu\/wp\/index.php?rest_route=%2Fwp%2Fv2%2Fcomments&post=2475"}],"version-history":[{"count":415,"href":"https:\/\/szentanna5.hu\/wp\/index.php?rest_route=\/wp\/v2\/pages\/2475\/revisions"}],"predecessor-version":[{"id":5072,"href":"https:\/\/szentanna5.hu\/wp\/index.php?rest_route=\/wp\/v2\/pages\/2475\/revisions\/5072"}],"wp:attachment":[{"href":"https:\/\/szentanna5.hu\/wp\/index.php?rest_route=%2Fwp%2Fv2%2Fmedia&parent=2475"}],"curies":[{"name":"wp","href":"https:\/\/api.w.org\/{rel}","templated":true}]}}